{"id":42,"date":"2022-12-08T18:51:24","date_gmt":"2022-12-08T17:51:24","guid":{"rendered":"https:\/\/ninomustica.holodemo.it\/?page_id=42"},"modified":"2025-06-13T08:37:54","modified_gmt":"2025-06-13T06:37:54","slug":"copyright","status":"publish","type":"page","link":"https:\/\/www.archivioninomustica.com\/de\/copyright\/","title":{"rendered":"Copyright"},"content":{"rendered":"","protected":false},"excerpt":{"rendered":"","protected":false},"author":2,"featured_media":0,"parent":0,"menu_order":0,"comment_status":"closed","ping_status":"closed","template":"copyright.php","meta":{"footnotes":""},"class_list":["post-42","page","type-page","status-publish","hentry"],"meta_box":{"slider":[],"title":"","description":"","link_button":"","other_posts":[],"main_sections":[{"title_timeline":"COPYRIGHT UND DISCLAIMER","content":[{"type":"text","content":"<strong>Rechtliche Hinweise und Urheberrechte<\/strong>\r\n\r\n&nbsp;\r\n\r\nKatharina Litz Mustica, Ehefrau und Gr\u00fcnderin des Nino Mustica Archivs, ist Inhaberin der Urheberrechte von Nino Mustica. Unabh\u00e4ngig von den Eigentumsverh\u00e4ltnissen an den Werken liegen die Reproduktionsrechte bei der Eigent\u00fcmerin Katharina Litz.\r\n\r\n&nbsp;\r\n\r\nF\u00fcr die Reproduktion von Schriften, Interviews oder Bildern der Werke ist ein schriftlicher Antrag an info@archivioninomustica.com erforderlich, um eine Genehmigung f\u00fcr die Nutzung zu erhalten.\r\n\r\n&nbsp;\r\n\r\nOhne eine solche Genehmigung ist die Vervielf\u00e4ltigung und Verbreitung von Abbildungen der Werke und Schriften von Nino Mustica in jeglicher Form, analog oder digital, untersagt.\r\n\r\n&nbsp;\r\n\r\nDies gilt auch f\u00fcr Reproduktionen von Abbildungen der Signatur oder von Inschriften, die der Hand des K\u00fcnstlers zuzuschreiben sind.\r\n\r\n&nbsp;\r\n\r\nKatharina Litz Mustica ist die Eigent\u00fcmerin der Inhalte dieser Website (Texte, Bilder, Logos), an denen alle Rechte vorbehalten sind. Diese sind auch durch das italienische und internationale Urheberrecht gesch\u00fctzt.\r\n\r\n&nbsp;\r\n\r\nDie Website www.archivioninomustica.it ist die offizielle Website des Nino Mustica Archivs, die der T\u00e4tigkeit von NINO MUSTICA, seinem Archiv und dem Studio Mustica Litz gewidmet ist.\r\n\r\n&nbsp;\r\n\r\nAlle Inhalte und Bilder auf dieser Website sind Eigentum von Katharina Mustica Litz oder ihrer jeweiligen Autoren und d\u00fcrfen ohne vorherige schriftliche Genehmigung weder vollst\u00e4ndig noch teilweise reproduziert, kopiert oder verbreitet werden.\r\n\r\n&nbsp;\r\n\r\nZuwiderhandlungen werden strafrechtlich verfolgt.\r\nDas Archiv von Nino Mustica oder Katharina Litz \u00fcbernimmt keine Verantwortung f\u00fcr den Inhalt externer Websites, auf die \u00fcber Hyperlinks verwiesen wird, und ist auch nicht f\u00fcr die missbr\u00e4uchliche Vervielf\u00e4ltigung oder Verbreitung von Inhalten verantwortlich.\r\n\r\n&nbsp;\r\n\r\nDie Urheberrechte der Bilder liegen entweder bei Nino Mustica oder sind dem Autor zuzuschreiben, sofern nicht anders neben dem jeweiligen Bild angegeben.\r\n\r\n&nbsp;\r\n\r\nWir entschuldigen uns f\u00fcr etwaige Auslassungen oder Fehler, die au\u00dferhalb unserer Kontrolle liegen, und verpflichten uns, diese zu korrigieren, wenn sie schriftlich begr\u00fcndet werden."}]}],"highlighed":[],"main_content":[]},"_links":{"self":[{"href":"https:\/\/www.archivioninomustica.com\/de\/wp-json\/wp\/v2\/pages\/42","targetHints":{"allow":["GET"]}}],"collection":[{"href":"https:\/\/www.archivioninomustica.com\/de\/wp-json\/wp\/v2\/pages"}],"about":[{"href":"https:\/\/www.archivioninomustica.com\/de\/wp-json\/wp\/v2\/types\/page"}],"author":[{"embeddable":true,"href":"https:\/\/www.archivioninomustica.com\/de\/wp-json\/wp\/v2\/users\/2"}],"replies":[{"embeddable":true,"href":"https:\/\/www.archivioninomustica.com\/de\/wp-json\/wp\/v2\/comments?post=42"}],"version-history":[{"count":1,"href":"https:\/\/www.archivioninomustica.com\/de\/wp-json\/wp\/v2\/pages\/42\/revisions"}],"predecessor-version":[{"id":43,"href":"https:\/\/www.archivioninomustica.com\/de\/wp-json\/wp\/v2\/pages\/42\/revisions\/43"}],"wp:attachment":[{"href":"https:\/\/www.archivioninomustica.com\/de\/wp-json\/wp\/v2\/media?parent=42"}],"curies":[{"name":"wp","href":"https:\/\/api.w.org\/{rel}","templated":true}]}}