{"id":40,"date":"2022-12-08T18:51:09","date_gmt":"2022-12-08T17:51:09","guid":{"rendered":"https:\/\/ninomustica.holodemo.it\/?page_id=40"},"modified":"2025-04-07T14:28:00","modified_gmt":"2025-04-07T12:28:00","slug":"form","status":"publish","type":"page","link":"https:\/\/www.archivioninomustica.com\/de\/form\/","title":{"rendered":"Form"},"content":{"rendered":"","protected":false},"excerpt":{"rendered":"","protected":false},"author":2,"featured_media":0,"parent":0,"menu_order":0,"comment_status":"closed","ping_status":"closed","template":"form.php","meta":{"footnotes":""},"class_list":["post-40","page","type-page","status-publish","hentry"],"meta_box":{"slider":[],"title":"","description":"","link_button":"","other_posts":[],"main_sections":[{"title_timeline":"ANFRAGE ZUR ARCHIVIERUNG VON KUNSTWERKEN","content":[{"type":"text","content":"Die Eigent\u00fcmer der Werke werden gebeten, die unten stehenden Felder f\u00fcr eine Beschreibung des Werkes auszuf\u00fcllen und alle verf\u00fcgbaren Bilder und Dokumente an das Nino Mustica Archiv unter <strong>info@archivioninomustica.com<\/strong> zu senden.\r\n\r\n&nbsp;\r\n\r\nDie Werke m\u00fcssen frontal und ohne Beschnitt fotografiert werden. Die digitalen Dateien m\u00fcssen Bilder der Vorder- und R\u00fcckseite sowie Details der Signatur enthalten. Die Dateien m\u00fcssen im JPG-Format mit einer Aufl\u00f6sung von 300 dpi und einer maximalen Gr\u00f6\u00dfe von 5 Megabyte eingereicht werden."}]}],"highlighed":[],"main_content":[]},"_links":{"self":[{"href":"https:\/\/www.archivioninomustica.com\/de\/wp-json\/wp\/v2\/pages\/40","targetHints":{"allow":["GET"]}}],"collection":[{"href":"https:\/\/www.archivioninomustica.com\/de\/wp-json\/wp\/v2\/pages"}],"about":[{"href":"https:\/\/www.archivioninomustica.com\/de\/wp-json\/wp\/v2\/types\/page"}],"author":[{"embeddable":true,"href":"https:\/\/www.archivioninomustica.com\/de\/wp-json\/wp\/v2\/users\/2"}],"replies":[{"embeddable":true,"href":"https:\/\/www.archivioninomustica.com\/de\/wp-json\/wp\/v2\/comments?post=40"}],"version-history":[{"count":1,"href":"https:\/\/www.archivioninomustica.com\/de\/wp-json\/wp\/v2\/pages\/40\/revisions"}],"predecessor-version":[{"id":41,"href":"https:\/\/www.archivioninomustica.com\/de\/wp-json\/wp\/v2\/pages\/40\/revisions\/41"}],"wp:attachment":[{"href":"https:\/\/www.archivioninomustica.com\/de\/wp-json\/wp\/v2\/media?parent=40"}],"curies":[{"name":"wp","href":"https:\/\/api.w.org\/{rel}","templated":true}]}}