{"id":38,"date":"2022-12-08T18:50:41","date_gmt":"2022-12-08T17:50:41","guid":{"rendered":"https:\/\/ninomustica.holodemo.it\/?page_id=38"},"modified":"2025-06-10T14:52:37","modified_gmt":"2025-06-10T12:52:37","slug":"atelier","status":"publish","type":"page","link":"https:\/\/www.archivioninomustica.com\/de\/atelier\/","title":{"rendered":"Atelier"},"content":{"rendered":"","protected":false},"excerpt":{"rendered":"","protected":false},"author":2,"featured_media":0,"parent":0,"menu_order":0,"comment_status":"closed","ping_status":"closed","template":"atelier.php","meta":{"footnotes":""},"class_list":["post-38","page","type-page","status-publish","hentry"],"meta_box":{"slider":[],"title":"","description":"","link_button":"","other_posts":[],"main_sections":{"0":{"type":"slider","slider_type":"light","slides":[{"image":["349"],"text":"Atelier von Nino Mustica in Mailand.","year":"2012"},{"image":["722"],"text":"Atelier von Nino Mustica in Mailand. Foto Antonio Redaelli","year":"2017"},{"image":["353"],"text":"Atelier von Nino Mustica in Mailand. Foto Fabio Mantegna","year":"2016"},{"image":["1888"],"text":"Dreidimensionale Bildformen im Mail\u00e4nder Atelier von Nino Mustica. Foto Fabio Mantegna","year":"2016"},{"image":["721"],"text":"Der Eingang des Ateliers von Nino Mustica in Mailand. Foto Fabio Mantegna","year":"2016"},{"image":["2773"],"text":"Atelier von Nino Mustica in Mailand. Foto Antonio Redaelli","year":"2017"},{"image":["2774"],"text":"Nino Mustica bei der Arbeit in seinem Mail\u00e4nder Atelier. Foto Antonio Redaelli","year":"2017"},{"image":["2055"],"text":"Atelier von Nino Mustica in Mailand. Foto Fabio Mantegna","year":"2016"}]},"1":{"type":"textual","slider_type":"small","title":"DAS <span>ATELIER IN MAILAND <\/span><br>1988-2018","description":"Ende der 1980er Jahre verl\u00e4sst Nino Mustica Catania und l\u00e4sst sich in Mailand nieder: zun\u00e4chst im Corso di Porta Ticinese 38, im Herzen der Colonne di San Lorenzo, dann in der Via Giovenale 7.\r\n\r\nDas Atelier, das in einem ehemaligen Kloster aus dem 16. Jahrhundert untergebracht ist, das im Laufe der Zeit zu einer Werkstatt, einer Tischlerei und einer Gie\u00dferei umgebaut wurde, entwickelt sich zu einem Ort der Kreativit\u00e4t und Geselligkeit. Hier versammeln sich neben dem K\u00fcnstler auch Assistenten, Freunde, Kritiker, Studenten und andere K\u00fcnstler in einem Innenhof, der voller historischer Geschichten steckt.\r\n\r\nDie Einrichtungsgegenst\u00e4nde und Designobjekte von Le Corbusier, Gae Aulenti, Carlo Scarpa, Aldo Rossi, Eero Saarinen, Achille und Pier Giacomo Castiglioni, Ettore Sottsass und Kazuhide Takahama sind Teil der Ausstattung. Gro\u00dfe Fenster lassen von S\u00fcdosten nach Nordosten ein diffuses Licht herein. Sie sind \u00fcber sechs Meter hoch und erm\u00f6glichen den freien Blick durch die R\u00e4ume, die alle wei\u00df verputzt und ohne T\u00fcren sind. Die r\u00e4umliche Kontinuit\u00e4t erzeugt ein Gef\u00fchl von Fluidit\u00e4t und ununterbrochener Weite.\r\n\r\nIn den R\u00e4umen sind auch Musticas pers\u00f6nliche Sammlungen zu sehen: antikes Spielzeug, Keramiken aus Caltagirone und eine Vielzahl von Sukkulenten und Kakteen. Sie spiegeln seinen Sammlergeist und sein Streben nach einer Verschmelzung von Kunst, Natur und Design wider.\r\n\r\nDas kobaltblau gestrichene Wohnzimmer \u2013 eine Farbe, die f\u00fcr Mustica Entspannung, Ausgeglichenheit und Schwerelosigkeit bedeutet \u2013 fungiert als Filter zwischen dem Arbeitsbereich und dem Wohnbereich. Hier k\u00f6nnen Sie meditieren und neue Energie tanken. Dieses Modell des \"Bewohnens der Kunst\" ist so konzipiert, dass es \u00fcberall reproduzierbar ist: eine emotionale Architektur, in der Licht, Raum und Objekte mit der Malerei in Dialog treten und das Atelier in ein einzigartiges kreatives \u00d6kosystem"},"5":{"type":"textual","title":"DIE <span>STUDIEN IN CATANIEN<\/span><br>1976-1987","description":"In Sizilien, in Catania, f\u00fchrt Mustica seine malerischen Studien an zwei aufeinanderfolgenden Orten durch: zun\u00e4chst in der Via Imbriani 181 und ab der zweiten H\u00e4lfte der 70er Jahre in der Via Amore 4.\r\n\r\nDas neue Wohn- und Atelierhaus erstreckt sich \u00fcber zwei erh\u00f6hte Stockwerke, das sechste und das siebte, und ist durch gro\u00dfz\u00fcgige Terrassen die den Blick auf den \u00c4tna freigeben verbunden. Im siebten Stock richtet Mustica eine Druckerei mit einer Druckpresse ein, die auch f\u00fcr Radierungsarbeiten anderer K\u00fcnstler genutzt wird. Hier wechseln sich Assistenten und Studenten f\u00fcr Malunterricht und Vorbereitungskurse f\u00fcr den Unterricht ab, in einem Umfeld, das Lehre und Experimentieren verbindet.\r\n\r\nDie Terrassen sind eine Oase zwischen Stadt und Vulkan. Sie sind mit gr\u00fcnen und sukkulenten Pflanzen bewachsen und bilden ein inspirierendes Arbeitsumfeld. Licht, Natur und Blick auf den \u00c4tna verschmelzen hier mit der Kontinuit\u00e4t der Innenr\u00e4ume. Das f\u00f6rdert den Dialog zwischen k\u00fcnstlerischem Schaffen und Praxisorientierte Ausbildung."},"7":{"type":"slider","slider_type":"small","slides":[{"image":["1139"],"text":"Das Atelier von Nino Mustica, Februar 2018."}],"description":"<img class=\"alignnone size-medium wp-image-776\" src=\"https:\/\/www.archivioninomustica.com\/wp-content\/uploads\/2023\/01\/MAN1956-x-1-300x200.jpg\" alt=\"\" width=\"300\" height=\"200\" \/>"},"2":{"type":"opera","slider_type":"dark","slides":[{"image":["1148"]}],"description":"Lorem ipsum dolor sit amet, consectetuer adipiscing Lorem ipsum dolor sit amet, consectetuer adipiscing elit, sed diam nonummy nibh euismod tincidunt ut laoreet dolore magna aliquam erat volutpat. Lorem ipsum dolor sit amet, consectetuer adipiscing Lorem ipsum dolor sit amet, consectetuer adipiscing elit, 128 opere diam nonummy nibh euismod tincidunt ut laoreet dolore magna aliquam erat volutpat.\r\n\r\nLorem ipsum dolor sit amet, consectetuer adipiscing Lorem ipsum dolor sit amet, consectetuer adipiscing elit, sed diam nonummy nibh euismod tincidunt ut laoreet dolore magna aliquam erat volutpat. Lorem ipsum dolor sit amet, consectetuer adipiscing Lorem ipsum dolor sit amet, consectetuer adipiscing elit, 128 opere diam nonummy nibh euismod tincidunt ut laoreet dolore magna aliquam erat volutpat.\r\n\r\nLorem ipsum dolor sit amet, consectetuer adipiscing Lorem ipsum dolor sit amet, consectetuer adipiscing elit, sed diam nonummy nibh euismod tincidunt ut laoreet dolore magna aliquam erat volutpat. Lorem ipsum dolor sit amet, consectetuer adipiscing Lorem ipsum dolor sit amet, consectetuer adipiscing elit, 128 opere diam nonummy nibh euismod tincidunt ut laoreet dolore magna aliquam erat volutpat.\r\n\r\nLorem ipsum dolor sit amet, consectetuer adipiscing Lorem ipsum dolor sit amet, consectetuer adipiscing elit, sed diam nonummy nibh euismod tincidunt ut laoreet dolore magna aliquam erat volutpat. Lorem ipsum dolor sit amet, consectetuer adipiscing Lorem ipsum dolor sit amet, consectetuer adipiscing elit, 128 opere diam nonummy nibh euismod tincidunt ut laoreet dolore magna aliquam erat volutpat.","page":["627","665","1305"]},"3":{"type":"video","title":"Studio Nino Mustica, 2017","description":"Studio Nino Mustica, 2017","video":["1476"],"image":["1720"]},"4":{"type":"opera","page":["665","1991","754","1993"]},"6":{"type":"opera","page":["766","735","738","737"]}},"highlighed":[],"main_content":[]},"_links":{"self":[{"href":"https:\/\/www.archivioninomustica.com\/de\/wp-json\/wp\/v2\/pages\/38","targetHints":{"allow":["GET"]}}],"collection":[{"href":"https:\/\/www.archivioninomustica.com\/de\/wp-json\/wp\/v2\/pages"}],"about":[{"href":"https:\/\/www.archivioninomustica.com\/de\/wp-json\/wp\/v2\/types\/page"}],"author":[{"embeddable":true,"href":"https:\/\/www.archivioninomustica.com\/de\/wp-json\/wp\/v2\/users\/2"}],"replies":[{"embeddable":true,"href":"https:\/\/www.archivioninomustica.com\/de\/wp-json\/wp\/v2\/comments?post=38"}],"version-history":[{"count":50,"href":"https:\/\/www.archivioninomustica.com\/de\/wp-json\/wp\/v2\/pages\/38\/revisions"}],"predecessor-version":[{"id":2855,"href":"https:\/\/www.archivioninomustica.com\/de\/wp-json\/wp\/v2\/pages\/38\/revisions\/2855"}],"wp:attachment":[{"href":"https:\/\/www.archivioninomustica.com\/de\/wp-json\/wp\/v2\/media?parent=38"}],"curies":[{"name":"wp","href":"https:\/\/api.w.org\/{rel}","templated":true}]}}