{"id":36,"date":"2022-12-08T18:49:21","date_gmt":"2022-12-08T17:49:21","guid":{"rendered":"https:\/\/ninomustica.holodemo.it\/?page_id=36"},"modified":"2025-05-23T12:55:35","modified_gmt":"2025-05-23T10:55:35","slug":"archivio-4","status":"publish","type":"page","link":"https:\/\/www.archivioninomustica.com\/de\/archivio-4\/","title":{"rendered":"ARCHIVIO"},"content":{"rendered":"","protected":false},"excerpt":{"rendered":"","protected":false},"author":2,"featured_media":0,"parent":0,"menu_order":0,"comment_status":"closed","ping_status":"closed","template":"about.php","meta":{"footnotes":""},"class_list":["post-36","page","type-page","status-publish","hentry"],"meta_box":{"slider":[],"title":"","description":"","link_button":"","other_posts":[],"main_sections":[{"title_timeline":"ARCHIV","content":[{"type":"text","content":"Das Nino Mustica Archiv widmet sich der Archivierung der authentischen Werke des K\u00fcnstlers und der Verwaltung seines dokumentarischen Materials.\r\n\r\n&nbsp;\r\n\r\n<strong>Ziele des Nino Mustica Archivs:<\/strong>\r\n\r\n&nbsp;\r\n\r\n<strong>Archivierung und Konservierung<\/strong>: Das Archiv befasst sich mit der Katalogisierung und Konservierung der authentischen Werke von Nino Mustica sowie mit der Sammlung von Schriften, Dokumenten und Belegen, die \u00fcber sein Leben und seine Kunst berichten. Es besch\u00e4ftigt sich auch mit der Herausgabe des Werkverzeichnisses.\r\n\r\n&nbsp;\r\n\r\n<strong>F\u00f6rderung:<\/strong> Das Archiv f\u00f6rdert, kuratiert und bietet wissenschaftliche Unterst\u00fctzung f\u00fcr Ausstellungs- und Verlagsprojekte und Ver\u00f6ffentlichungen, die dem K\u00fcnstler gewidmet oder von seiner Poetik und dem interdisziplin\u00e4ren Ansatz seiner Recherchen inspiriert sind, sowohl auf nationaler als auch auf internationaler Ebene.\r\n\r\n&nbsp;\r\n\r\n<strong>Zusammenarbeit und F\u00f6rderung:<\/strong> Das Archiv arbeitet dabei mit Museen, Stiftungen und anderen Einrichtungen zusammen. So unterst\u00fctzt es Veranstaltungen, die das k\u00fcnstlerische Schaffen und das kulturelle Erbe von Nino Mustica f\u00f6rdern.\r\n\r\n&nbsp;\r\n\r\n<strong>Rechtsschutz:<\/strong> Das Archiv verpflichtet sich, die Integrit\u00e4t der Werke und Materialien, die Nino Mustica zugeschrieben werden, zu sch\u00fctzen und ergreift alle notwendigen rechtlichen Ma\u00dfnahmen gegen F\u00e4lschungen und Nachahmungen.\r\n\r\n&nbsp;\r\n\r\n<b>Fachliche Beratung: <\/b>Das Archiv bietet Beratung zum Werk von Nino Mustica und unterst\u00fctzt Sammler und Interessenten bei der Anerkennung und Aufwertung der Werke des K\u00fcnstlers."},{"type":"opera","page":"1728"}]},{"title_timeline":"COPYRIGHTS","content":[{"type":"text","content":"<strong>Katharina Litz Mustica,<\/strong> Ehefrau und Gr\u00fcnderin des Nino Mustica Archivs, ist die Inhaberin der Urheberrechte an den Werken von Nino Mustica. Ungeachtet der Eigentumsrechte an den Werken sind die Reproduktionsrechte der Eigent\u00fcmerin vorbehalten.\r\n\r\n&nbsp;\r\n\r\nF\u00fcr die Reproduktion von Schriften, Interviews oder Bildern der Werke ist ein schriftlicher Antrag an <strong>info@archivioninomustica.com<\/strong> erforderlich, um eine Genehmigung f\u00fcr die Nutzung zu erhalten.\r\n\r\n&nbsp;\r\n\r\nOhne eine solche Genehmigung ist die Vervielf\u00e4ltigung und Verbreitung von Abbildungen der Werke und Schriften von Nino Mustica in jeglicher Form, analog oder digital, untersagt.\r\n\r\n&nbsp;\r\n\r\nDies gilt auch f\u00fcr Reproduktionen von Abbildungen der Signatur oder von Inschriften, die der Hand des K\u00fcnstlers zuzuschreiben sind."},{"type":"opera","page":"2025"}]},{"title_timeline":"ARCHIVIERUNG","content":[{"type":"text","content":"Das Nino Mustica Archiv ist zust\u00e4ndig f\u00fcr die Authentifizierung und Archivierung der Werke von Nino Mustica sowie des dazugeh\u00f6rigen dokumentarischen Materials.\r\n\r\n&nbsp;\r\n\r\nUm die Echtheit eines Werks in Ihrem Besitz zu \u00fcberpr\u00fcfen und dessen Pr\u00fcfung f\u00fcr die Aufnahme in das Register der authentischen Werke von Nino Mustica zu beantragen, kontaktieren Sie uns bitte per E-Mail unter info@archivioninomustica.com.\r\n\r\n&nbsp;\r\n\r\nBitte f\u00fcgen Sie digitale Fotos des Werks bei, einschlie\u00dflich der Vorder- und R\u00fcckseite sowie Details zu Signaturen, Inschriften und Etiketten, falls vorhanden.\r\n\r\n&nbsp;\r\n\r\nBitte geben Sie au\u00dferdem Informationen zur Herkunft des Werks an und f\u00fcgen Sie ggf. Angaben zu Ver\u00f6ffentlichungen oder Ausstellungen hinzu.\r\n\r\n&nbsp;\r\n\r\nDas Nino Mustica Archiv wird Ihnen eine Antwort mit Anweisungen zum weiteren Vorgehen zukommen lassen.","button_text":"FORM","button_link":"https:\/\/www.archivioninomustica.com\/form\/"}]},{"title_timeline":"KONTAKTE","content":[{"type":"contact","contacts":[{"value":"ARCHIVIO NINO MUSTICA di Katharina Litz"},{"type":"e-mail: ","value":"info@archivioninomustica.com","link":"mailto:info@archivioninomustica.com"}]},{"type":"opera","page":"737"}]}],"highlighed":[],"main_content":[]},"_links":{"self":[{"href":"https:\/\/www.archivioninomustica.com\/de\/wp-json\/wp\/v2\/pages\/36","targetHints":{"allow":["GET"]}}],"collection":[{"href":"https:\/\/www.archivioninomustica.com\/de\/wp-json\/wp\/v2\/pages"}],"about":[{"href":"https:\/\/www.archivioninomustica.com\/de\/wp-json\/wp\/v2\/types\/page"}],"author":[{"embeddable":true,"href":"https:\/\/www.archivioninomustica.com\/de\/wp-json\/wp\/v2\/users\/2"}],"replies":[{"embeddable":true,"href":"https:\/\/www.archivioninomustica.com\/de\/wp-json\/wp\/v2\/comments?post=36"}],"version-history":[{"count":3,"href":"https:\/\/www.archivioninomustica.com\/de\/wp-json\/wp\/v2\/pages\/36\/revisions"}],"predecessor-version":[{"id":1890,"href":"https:\/\/www.archivioninomustica.com\/de\/wp-json\/wp\/v2\/pages\/36\/revisions\/1890"}],"wp:attachment":[{"href":"https:\/\/www.archivioninomustica.com\/de\/wp-json\/wp\/v2\/media?parent=36"}],"curies":[{"name":"wp","href":"https:\/\/api.w.org\/{rel}","templated":true}]}}