{"id":16,"date":"2022-12-08T18:44:56","date_gmt":"2022-12-08T17:44:56","guid":{"rendered":"https:\/\/ninomustica.holodemo.it\/?page_id=16"},"modified":"2025-07-09T11:30:02","modified_gmt":"2025-07-09T09:30:02","slug":"home","status":"publish","type":"page","link":"https:\/\/www.archivioninomustica.com\/de\/","title":{"rendered":"Home"},"content":{"rendered":"","protected":false},"excerpt":{"rendered":"","protected":false},"author":2,"featured_media":0,"parent":0,"menu_order":0,"comment_status":"closed","ping_status":"closed","template":"front-page.php","meta":{"footnotes":""},"class_list":["post-16","page","type-page","status-publish","hentry"],"meta_box":{"slider":[],"title":"","description":"","link_button":"","other_posts":[],"main_sections":{"1":{"type":"quote","title":"\"Meine Arbeit ist eine intensive Auseinandersetzung mit der Farbe, doch sie bewegt sich zwischen Malerei, Skulptur und Architektur.\"","description":"<strong>Il colore \u00e8 emozione, superficie e anche volume; il colore, nella sua metamorfosi, trasformato in grandezza fisica, significa estendere la possibilit\u00e0 di esibire su un altro versante la sua infinita energia. Il mio \u00e8 un lavoro intenso sul colore, ma trasversale tra pittura, scultura, architettura. <\/strong><em>Nino Mustica<\/em>"},"3":{"type":"textual","title":"<span>WERKE<\/span>","description":"<strong>In den fr\u00fchen Werken des K\u00fcnstlers, die w\u00e4hrend seiner Lehrzeit entstanden sind<\/strong>, manifestiert sich eine ausgepr\u00e4gte Dramatik und Ausdrucksst\u00e4rke. Im weiteren Verlauf seines Schaffens widmete er sich vermehrt abstrakter und informeller Kunst, wobei seine Affinit\u00e4t zu seinem Heimatland nach wie vor deutlich sp\u00fcrbar bleibt. Jeder Pinselstrich enth\u00e4lt kleinste Empfindungen, die zu Erinnerungen werden. Unsichtbare Zeichen, die in der Zeit bleiben. Die Farbgebung erinnert an das schimmernde Blau des Nordmeers, das von frischem Wind an die ionische K\u00fcste getragen wird.\r\n\r\n&nbsp;\r\n\r\n<strong>\u201eMeine Absicht war immer, \u00fcber m\u00f6glichen formalen Varianten nachzudenken,<\/strong> welche die Technik erlaubt, um Emotionen in der Magie des malerischen Aktes zum Ausdruck zu bringen: Das Ergebnis ist die Konstruktion von plastischen\/bildlichen Dimensionen, die durch die Technik erzeugt, aber durch die Malerei in einem st\u00e4ndigen Wechselspiel zwischen unterschiedlichen r\u00e4umlichen und zeitlichen Dimensionen konzipiert werden. Mein Interesse von '94 bis heute richtet sich auf die Suche nach m\u00f6glichen neuen Varianten des Bildraumes, verstanden als \"Geist der Zeit\".","button_text":"MEHR <span>WERKE<\/span>","link":"\/opere"},"5":{"type":"quote","title":"\u201eEs fasziniert mich, die Malerei jeden Tag anders zu erleben: zu variieren, die Bildhaut aufzubrechen und neu aufzubauen, bereit zu sein, alles neu zu diskutieren.\u201c"},"7":{"type":"cronology","title":"<span>ZEITLEISTE<\/span>","button_text":"<span>ZEITLEISTE<\/span> entdecken","link":"\/timeline"},"8":{"type":"textual","title":"<span>ARCHIV<\/span>","description":"<strong>Das Nino Mustica Archiv f\u00f6rdert die Kenntnis<\/strong> der Person und des k\u00fcnstlerisch-kulturellen Verm\u00e4chtnisses des K\u00fcnstlers. Es hat sich zum Ziel gesetzt, genaue Informationen \u00fcber das Werk und die Forschungsarbeit von Nino Mustica zu gew\u00e4hrleisten.\r\n\r\n<strong>Zu diesem Zweck unterh\u00e4lt es Beziehungen zu \u00f6ffentlichen und privaten Institutionen<\/strong>, f\u00f6rdert und unterst\u00fctzt wissenschaftliche Projekte und regt historisch-kritische Studien im akademischen Kontext an, indem es Wissenschaftlern Zugang zu seinem dokumentarischen Material bietet.","button_text":"<span>MEHR<\/span>","link":"\/archivio-4\/"},"10":{"type":"textual","title":"<span>ATELIER<\/span> <br\/> 1988-2018","description":"<strong>Ende der 1980er Jahre zog Nino Mustica von Catania nach Mailand.<\/strong> Zun\u00e4chst mietete er ein Atelier im Corso di Porta Ticinese im Stadtteil Colonne di San Lorenzo, bevor er sich schlie\u00dflich in der Via Giovenale 7 niederlie\u00df.\r\n\r\n<strong>Das Mail\u00e4nder Atelier, das sich in einem ehemaligen Kloster aus dem 16. Jahrhundert<\/strong> befindet und im Laufe der Zeit in eine Werkstatt, eine Tischlerei und eine Gie\u00dferei umgewandelt wurde, entwickelt sich zu einem lebendigen Zentrum k\u00fcnstlerischen Schaffens. Der Ort ist gepr\u00e4gt von Erinnerungen und Visionen und wird belebt von einer Vielzahl an Assistenten, Freunden, Studenten, K\u00fcnstlern und Kritikern. Er ist ein Ort der Arbeit, des Austauschs und des Experimentierens.","button_text":"<span>MEHR<\/span>","link":"\/atelier"},"11":{"type":"slider","slider_type":"light","slides":[{"image":["350"],"text":"Das Atelier von Nino Mustica in Mailand.","year":"2016"},{"image":["352"],"text":"Das Atelier von Nino Mustica in Mailand.","year":"2016"}]},"12":{"type":"quote","quote_other":"1","title":"Die Absicht, die Forschung und die Werke von NINO MUSTICA fortzusetzen, f\u00fchren zur Geburt von..."},"0":{"type":"video","slider_type":"light","slides":[{"image":["563"],"text":"titolo 1999"},{"image":["271"],"link":"\/link","text":"titolo","year":"2002"}],"is_header":"1","link":"Concept, 2011. Dettaglio video","video":["2026"]},"2":{"type":"opera","page":["1318","1320","335","1173"]},"4":{"type":"opera","page":["185","223","309","319"]},"6":{"type":"opera","page":["264","259","245","155"]},"9":{"is_archive":"1"},"13":{"type":"slider"}},"highlighed":[],"main_content":[]},"_links":{"self":[{"href":"https:\/\/www.archivioninomustica.com\/de\/wp-json\/wp\/v2\/pages\/16","targetHints":{"allow":["GET"]}}],"collection":[{"href":"https:\/\/www.archivioninomustica.com\/de\/wp-json\/wp\/v2\/pages"}],"about":[{"href":"https:\/\/www.archivioninomustica.com\/de\/wp-json\/wp\/v2\/types\/page"}],"author":[{"embeddable":true,"href":"https:\/\/www.archivioninomustica.com\/de\/wp-json\/wp\/v2\/users\/2"}],"replies":[{"embeddable":true,"href":"https:\/\/www.archivioninomustica.com\/de\/wp-json\/wp\/v2\/comments?post=16"}],"version-history":[{"count":3,"href":"https:\/\/www.archivioninomustica.com\/de\/wp-json\/wp\/v2\/pages\/16\/revisions"}],"predecessor-version":[{"id":2776,"href":"https:\/\/www.archivioninomustica.com\/de\/wp-json\/wp\/v2\/pages\/16\/revisions\/2776"}],"wp:attachment":[{"href":"https:\/\/www.archivioninomustica.com\/de\/wp-json\/wp\/v2\/media?parent=16"}],"curies":[{"name":"wp","href":"https:\/\/api.w.org\/{rel}","templated":true}]}}